{"id":2608,"date":"2025-07-18T17:43:22","date_gmt":"2025-07-18T17:43:22","guid":{"rendered":"http:\/\/doggora.com\/wp\/?page_id=2608"},"modified":"2025-07-18T19:04:03","modified_gmt":"2025-07-18T19:04:03","slug":"philosophie","status":"publish","type":"page","link":"https:\/\/doggora.com\/wp\/philosophie\/","title":{"rendered":"Philosophie"},"content":{"rendered":"<p><img decoding=\"async\" src=\"\/wp\/wp-content\/uploads\/2025\/04\/Linie_03.svg\" alt=\"\"><\/p>\n<h1>Meine Philosophie<\/h1>\n<hr>\n<h1><span>Aus Hundesicht denken <\/span><\/h1>\n<p><img decoding=\"async\" src=\"\/wp\/wp-content\/uploads\/2025\/04\/Linie_03.svg\" alt=\"\"><\/p>\n<h2>\n<p><span>\u201eUm klar zu sehen, reicht oft ein Wechsel der Blickrichtung.\u201c\u00a0<\/span><\/p>\n<\/h2>\n<h2>\n<p>\u2013 Antoine de Saint-Exup\u00e9ry \u2013<\/p>\n<\/h2>\n<div>\n<p>In unserer leistungsorientierten Gesellschaft ger\u00e4t oft in Vergessenheit, dass auch Hunde f\u00fchlende, denkende Lebewesen sind \u2013 mit eigenen Bed\u00fcrfnissen, Vorlieben und Pers\u00f6nlichkeiten.<\/p>\n<p>Allzu oft stehen Gehorsam, Funktionalit\u00e4t und Anpassung im Vordergrund \u2013 doch wahre Beziehung entsteht nicht durch Kontrolle, sondern durch Verst\u00e4ndnis. Hunde sind keine seelenlosen Begleiter, keine Werkzeuge zur Selbstinszenierung. Sie sind soziale, sensible Wesen, die unsere Verantwortung verdienen \u2013 nicht nur f\u00fcr ihr k\u00f6rperliches Wohl, sondern auch f\u00fcr ihr seelisches Gleichgewicht.<\/p>\n<p>In meiner Hundeschule Dog Gora \u2013 Aus Hundesicht steht deshalb die beziehungsorientierte Beratung im Mittelpunkt.<\/p>\n<p>Ich arbeite mit p\u00e4dagogischen Methoden, die das gegenseitige Verstehen f\u00f6rdern \u2013 ohne Druck, ohne Dressurdenken, ohne Manipulation \u00fcber Futter. Stattdessen lernen Mensch und Hund, einander wirklich zu sehen \u2013 und einander zu vertrauen.<\/p>\n<\/div>\n<p><img decoding=\"async\" src=\"\/wp\/wp-content\/uploads\/2025\/07\/philosophie.png\" alt=\"\"><br \/>\n<img decoding=\"async\" src=\"\/wp\/wp-content\/uploads\/2025\/07\/philosophie.png\" alt=\"\"><br \/>\n<img decoding=\"async\" src=\"\/wp\/wp-content\/uploads\/2025\/04\/Linie_02.svg\" alt=\"\"><\/p>\n<h2>\n<p>Du m\u00f6chtest gemeinsam mit deinem Hund wachsen? <br \/>Dann schreib mir.<\/p>\n<\/h2>\n<hr>\n<p><p>\n        <a href=\"mailto:hallo@doggora.com\">E-Mail<\/a>\n    <\/p>\n<\/p>\n<p><!--more--><br \/>\n<!-- {\"type\":\"layout\",\"children\":[{\"type\":\"section\",\"props\":{\"animation\":\"slide-top\",\"animation_delay\":false,\"header_transparent\":true,\"header_transparent_noplaceholder\":false,\"header_transparent_text_color\":\"dark\",\"image_position\":\"top-center\",\"image_size\":\"contain\",\"padding\":\"xlarge\",\"padding_remove_bottom\":false,\"padding_remove_top\":false,\"style\":\"muted\",\"title_breakpoint\":\"xl\",\"title_position\":\"top-left\",\"title_rotation\":\"left\",\"vertical_align\":\"\",\"width\":\"default\"},\"children\":[{\"type\":\"row\",\"children\":[{\"type\":\"column\",\"props\":{\"image_position\":\"center-center\",\"position_sticky_breakpoint\":\"m\",\"width_medium\":\"1-1\"},\"children\":[{\"type\":\"image\",\"props\":{\"animation\":\"parallax\",\"css\":\".el-image { max-width: 46vw; }\",\"image\":\"wp-content\\\/uploads\\\/2025\\\/04\\\/Linie_03.svg\",\"image_loading\":true,\"image_svg_color\":\"emphasis\",\"image_svg_inline\":false,\"margin\":\"default\",\"parallax_easing\":\"0.5\",\"parallax_y\":\"0,-9vh\",\"position\":\"absolute\",\"position_right\":\"33vw\",\"position_top\":\"-15vh\",\"position_z_index\":\"0\",\"text_align\":\"left\"}},{\"type\":\"headline\",\"props\":{\"content\":\"Meine Philosophie\",\"margin_remove_top\":false,\"position\":\"relative\",\"position_z_index\":\"3\",\"text_align\":\"center\",\"title_color\":\"secondary\",\"title_element\":\"h1\",\"title_font_family\":\"primary\",\"title_style\":\"heading-large\"}},{\"type\":\"divider\",\"props\":{\"block_align\":\"center\",\"divider_element\":\"hr\",\"divider_style\":\"icon\",\"maxwidth\":\"medium\"}},{\"type\":\"headline\",\"props\":{\"content\":\"<span>Aus Hundesicht denken <\\\/span>\",\"margin_remove_top\":false,\"position\":\"relative\",\"position_z_index\":\"3\",\"text_align\":\"center\",\"title_element\":\"h1\",\"title_font_family\":\"primary\",\"title_style\":\"h1\"}},{\"type\":\"image\",\"props\":{\"animation\":\"parallax\",\"css\":\".el-image { max-width: 43vw; }\",\"image\":\"wp-content\\\/uploads\\\/2025\\\/04\\\/Linie_03.svg\",\"image_loading\":true,\"image_svg_color\":\"emphasis\",\"image_svg_inline\":false,\"margin\":\"default\",\"parallax_easing\":\"0.5\",\"parallax_y\":\"4vh,-10vh\",\"position\":\"absolute\",\"position_bottom\":\"-30vh\",\"position_right\":\"-30vw\",\"position_z_index\":\"0\",\"text_align\":\"right\"}}]}]}],\"name\":\"Hero\"},{\"type\":\"section\",\"props\":{\"animation\":\"slide-bottom-small\",\"id\":\"cta\",\"image_position\":\"center-center\",\"padding\":\"large\",\"style\":\"default\",\"title_breakpoint\":\"xl\",\"title_position\":\"top-left\",\"title_rotation\":\"left\",\"vertical_align\":\"\",\"width\":\"xlarge\"},\"children\":[{\"type\":\"row\",\"props\":{\"column_gap\":\"large\",\"layout\":\"1-2,1-2\"},\"children\":[{\"type\":\"column\",\"props\":{\"image_position\":\"center-center\",\"position_sticky_breakpoint\":\"m\",\"vertical_align\":\"middle\",\"width_medium\":\"1-2\"},\"children\":[{\"type\":\"headline\",\"props\":{\"content\":\"\n\n<p><span>\\u201eUm klar zu sehen, reicht oft ein Wechsel der Blickrichtung.\\u201c\\u00a0<\\\/span><\\\/p>\",\"position\":\"relative\",\"position_z_index\":\"3\",\"title_color\":\"secondary\",\"title_element\":\"h2\",\"title_style\":\"h1\"}},{\"type\":\"headline\",\"props\":{\"content\":\"\n\n<p>\\u2013 Antoine de Saint-Exup\\u00e9ry \\u2013<\\\/p>\",\"position\":\"relative\",\"position_z_index\":\"3\",\"title_color\":\"secondary\",\"title_element\":\"h2\",\"title_style\":\"text-meta\"}},{\"type\":\"text\",\"props\":{\"column\":\"1-2\",\"column_breakpoint\":\"m\",\"content\":\"\n\n<p>In unserer leistungsorientierten Gesellschaft ger\\u00e4t oft in Vergessenheit, dass auch Hunde f\\u00fchlende, denkende Lebewesen sind \\u2013 mit eigenen Bed\\u00fcrfnissen, Vorlieben und Pers\\u00f6nlichkeiten.<\\\/p>\\n\n\n<p>Allzu oft stehen Gehorsam, Funktionalit\\u00e4t und Anpassung im Vordergrund \\u2013 doch wahre Beziehung entsteht nicht durch Kontrolle, sondern durch Verst\\u00e4ndnis. Hunde sind keine seelenlosen Begleiter, keine Werkzeuge zur Selbstinszenierung. Sie sind soziale, sensible Wesen, die unsere Verantwortung verdienen \\u2013 nicht nur f\\u00fcr ihr k\\u00f6rperliches Wohl, sondern auch f\\u00fcr ihr seelisches Gleichgewicht.<\\\/p>\\n\n\n<p>In meiner Hundeschule Dog Gora \\u2013 Aus Hundesicht steht deshalb die beziehungsorientierte Beratung im Mittelpunkt.<\\\/p>\\n\n\n<p>Ich arbeite mit p\\u00e4dagogischen Methoden, die das gegenseitige Verstehen f\\u00f6rdern \\u2013 ohne Druck, ohne Dressurdenken, ohne Manipulation \\u00fcber Futter. Stattdessen lernen Mensch und Hund, einander wirklich zu sehen \\u2013 und einander zu vertrauen.<\\\/p>\",\"margin\":\"medium\",\"text_style\":\"lead\"}}]},{\"type\":\"column\",\"props\":{\"image_position\":\"center-center\",\"order_first\":\"m\",\"position_sticky_breakpoint\":\"m\",\"vertical_align\":\"middle\",\"width_medium\":\"1-2\"},\"children\":[{\"type\":\"image\",\"props\":{\"animation\":\"parallax\",\"css\":\".el-image { max-width: 40vw; }\",\"image\":\"wp-content\\\/uploads\\\/2025\\\/07\\\/philosophie.png\",\"image_svg_color\":\"emphasis\",\"image_width\":800,\"margin\":\"default\",\"parallax_easing\":\"1\",\"parallax_y\":\"0,-3vh\",\"position\":\"absolute\",\"position_bottom\":\"40%\",\"position_right\":\"50\",\"position_z_index\":\"2\",\"text_align\":\"center\",\"visibility\":\"l\"}},{\"type\":\"image\",\"props\":{\"animation\":\"parallax\",\"css\":\".el-image { max-width: 70vw; }\",\"image\":\"wp-content\\\/uploads\\\/2025\\\/07\\\/philosophie.png\",\"image_svg_color\":\"emphasis\",\"margin\":\"default\",\"parallax_easing\":\"1\",\"parallax_y\":\"-3vh,3vh\",\"position\":\"relative\",\"position_z_index\":\"0\",\"text_align\":\"center\",\"text_align_breakpoint\":\"m\",\"text_align_fallback\":\"center\",\"visibility\":\"hidden-l\"}},{\"type\":\"image\",\"props\":{\"animation\":\"parallax\",\"css\":\".el-image { max-width: 70vw; }\",\"image\":\"wp-content\\\/uploads\\\/2025\\\/04\\\/Linie_02.svg\",\"image_svg_color\":\"emphasis\",\"margin\":\"default\",\"parallax_easing\":\"1\",\"parallax_y\":\"-3vh,3vh\",\"position\":\"relative\",\"position_right\":\"-60\",\"position_z_index\":\"0\",\"text_align\":\"center\",\"text_align_breakpoint\":\"m\",\"visibility\":\"l\"}}]}]}],\"name\":\"Philosophie\"},{\"type\":\"section\",\"props\":{\"animation\":\"slide-bottom-small\",\"animation_delay\":false,\"class\":\"meine-gradient-section\",\"css\":\"background-image: linear-gradient(90deg, hotpink, lime) !important;\\n\",\"image\":\"wp-content\\\/uploads\\\/2025\\\/07\\\/juju.jpeg\",\"image_effect\":\"fixed\",\"image_position\":\"center-center\",\"image_size\":\"cover\",\"padding\":\"xlarge\",\"preserve_color\":false,\"style\":\"secondary\",\"title_breakpoint\":\"xl\",\"title_position\":\"top-left\",\"title_rotation\":\"left\",\"vertical_align\":\"\",\"width\":\"large\"},\"children\":[{\"type\":\"row\",\"props\":{\"column_gap\":\"large\"},\"children\":[{\"type\":\"column\",\"props\":{\"image_position\":\"center-center\",\"position_sticky_breakpoint\":\"m\",\"text_color\":\"light\"},\"children\":[{\"type\":\"headline\",\"props\":{\"animation\":\"slide-top-small\",\"block_align\":\"center\",\"content\":\"\n\n<p>Du m\\u00f6chtest gemeinsam mit deinem Hund wachsen? <br \\\/>Dann schreib mir.<\\\/p>\",\"margin\":\"medium\",\"maxwidth\":\"2xlarge\",\"text_align\":\"center\",\"title_element\":\"h2\"}},{\"type\":\"divider\",\"props\":{\"block_align\":\"center\",\"divider_element\":\"hr\",\"divider_style\":\"icon\",\"margin\":\"medium\",\"maxwidth\":\"medium\"}},{\"type\":\"button\",\"props\":{\"animation\":\"scale-up\",\"grid_column_gap\":\"small\",\"grid_row_gap\":\"small\",\"margin\":\"default\",\"text_align\":\"center\"},\"children\":[{\"type\":\"button_item\",\"props\":{\"button_style\":\"default\",\"content\":\"E-Mail\",\"dialog_layout\":\"modal\",\"dialog_offcanvas_flip\":true,\"icon_align\":\"left\",\"link\":\"mailto:hallo@doggora.com\"}}]}]}]}],\"name\":\"schreib mir\"}],\"version\":\"4.5.11\"} --><\/p>\n","protected":false},"excerpt":{"rendered":"<p>Meine Philosophie Aus Hundesicht denken \u201eUm klar zu sehen, reicht oft ein Wechsel der Blickrichtung.\u201c\u00a0 \u2013 Antoine de Saint-Exup\u00e9ry \u2013 In unserer leistungsorientierten Gesellschaft ger\u00e4t oft in Vergessenheit, dass auch Hunde f\u00fchlende, denkende Lebewesen sind \u2013 mit eigenen Bed\u00fcrfnissen, Vorlieben und Pers\u00f6nlichkeiten. Allzu oft stehen Gehorsam, Funktionalit\u00e4t und Anpassung im Vordergrund \u2013 doch wahre Beziehung [&hellip;]<\/p>\n","protected":false},"author":2,"featured_media":0,"parent":0,"menu_order":1,"comment_status":"closed","ping_status":"closed","template":"","meta":{"_acf_changed":false,"footnotes":""},"class_list":["post-2608","page","type-page","status-publish","hentry"],"acf":[],"_links":{"self":[{"href":"https:\/\/doggora.com\/wp\/wp-json\/wp\/v2\/pages\/2608","targetHints":{"allow":["GET"]}}],"collection":[{"href":"https:\/\/doggora.com\/wp\/wp-json\/wp\/v2\/pages"}],"about":[{"href":"https:\/\/doggora.com\/wp\/wp-json\/wp\/v2\/types\/page"}],"author":[{"embeddable":true,"href":"https:\/\/doggora.com\/wp\/wp-json\/wp\/v2\/users\/2"}],"replies":[{"embeddable":true,"href":"https:\/\/doggora.com\/wp\/wp-json\/wp\/v2\/comments?post=2608"}],"version-history":[{"count":0,"href":"https:\/\/doggora.com\/wp\/wp-json\/wp\/v2\/pages\/2608\/revisions"}],"wp:attachment":[{"href":"https:\/\/doggora.com\/wp\/wp-json\/wp\/v2\/media?parent=2608"}],"curies":[{"name":"wp","href":"https:\/\/api.w.org\/{rel}","templated":true}]}}